
{"id":13570,"date":"2025-01-16T14:43:34","date_gmt":"2025-01-16T14:43:34","guid":{"rendered":"https:\/\/pevpa.fapespa.pa.gov.br\/?page_id=13570"},"modified":"2025-01-16T15:11:53","modified_gmt":"2025-01-16T15:11:53","slug":"sobre-o-pev","status":"publish","type":"page","link":"https:\/\/pevpa.fapespa.pa.gov.br\/legado\/sobre-o-pev\/","title":{"rendered":"Sobre o PEV"},"content":{"rendered":"\t\t<div data-elementor-type=\"wp-page\" data-elementor-id=\"13570\" class=\"elementor elementor-13570\">\r\n\t\t\t\t\t\t\t<div class=\"elementor-element elementor-element-a7d32ab e-flex e-con-boxed e-con e-parent\" data-id=\"a7d32ab\" data-element_type=\"container\" data-settings=\"{&quot;content_width&quot;:&quot;boxed&quot;}\" data-core-v316-plus=\"true\">\r\n\t\t\t\t\t<div class=\"e-con-inner\">\r\n\t\t<div class=\"elementor-element elementor-element-54ba2cc e-flex e-con-boxed e-con e-child\" data-id=\"54ba2cc\" data-element_type=\"container\" data-settings=\"{&quot;content_width&quot;:&quot;boxed&quot;}\">\r\n\t\t\t\t\t<div class=\"e-con-inner\">\r\n\t\t\t\t<div class=\"elementor-element elementor-element-b51ebe2 elementor-widget elementor-widget-heading\" data-id=\"b51ebe2\" data-element_type=\"widget\" data-widget_type=\"heading.default\">\r\n\t\t\t\t<div class=\"elementor-widget-container\">\r\n\t\t\t<style>\/*! elementor - v3.16.0 - 09-10-2023 *\/\r\n.elementor-heading-title{padding:0;margin:0;line-height:1}.elementor-widget-heading .elementor-heading-title[class*=elementor-size-]>a{color:inherit;font-size:inherit;line-height:inherit}.elementor-widget-heading .elementor-heading-title.elementor-size-small{font-size:15px}.elementor-widget-heading .elementor-heading-title.elementor-size-medium{font-size:19px}.elementor-widget-heading .elementor-heading-title.elementor-size-large{font-size:29px}.elementor-widget-heading .elementor-heading-title.elementor-size-xl{font-size:39px}.elementor-widget-heading .elementor-heading-title.elementor-size-xxl{font-size:59px}<\/style><h3 class=\"elementor-heading-title elementor-size-default\">Perfis Econ\u00f4micos Vocacionais dos Munic\u00edpios Paraenses<\/h3>\t\t<\/div>\r\n\t\t\t\t<\/div>\r\n\t\t\t\t\t<\/div>\r\n\t\t\t\t<\/div>\r\n\t\t\t\t\t<\/div>\r\n\t\t\t\t<\/div>\r\n\t\t\t\t<section class=\"elementor-section elementor-top-section elementor-element elementor-element-f4875d1 elementor-section-full_width elementor-section-height-default elementor-section-height-default\" data-id=\"f4875d1\" data-element_type=\"section\">\r\n\t\t\t\t\t\t<div class=\"elementor-container elementor-column-gap-default\">\r\n\t\t\t\t\t<div class=\"elementor-column elementor-col-100 elementor-top-column elementor-element elementor-element-4aad5ad\" data-id=\"4aad5ad\" data-element_type=\"column\">\r\n\t\t\t<div class=\"elementor-widget-wrap elementor-element-populated\">\r\n\t\t\t\t\t\t\t\t<div class=\"elementor-element elementor-element-788ccf4 iteck-image-animation-rotate elementor-widget__width-initial elementor-absolute elementor-widget elementor-widget-iteck-image\" data-id=\"788ccf4\" data-element_type=\"widget\" data-settings=\"{&quot;_position&quot;:&quot;absolute&quot;}\" data-widget_type=\"iteck-image.default\">\r\n\t\t\t\t<div class=\"elementor-widget-container\">\r\n\t\t\t\r\n\r\r\n\t\t<div class=\"iteck-image\">\r\r\n\r\r\n\t\t\r\n\t\t\t\r\n\t\t\t\t\r\n\t\t\t\t\r\n\t\t\t\t\t<img loading=\"lazy\" decoding=\"async\" width=\"659\" height=\"573\" src=\"https:\/\/pevpa.fapespa.pa.gov.br\/legado\/wp-content\/uploads\/2022\/04\/about_s4_bubble2.png\" class=\"attachment-full size-full wp-image-319\" alt=\"\" \/>\r\n\t\t\t\t\r\n\t\t\t\t\r\n\t\t\t\t\r\n\t\t\t\r\n\r\r\n\t\t<\/div>\r\r\n\r\r\n\t\t\t\t<\/div>\r\n\t\t\t\t<\/div>\r\n\t\t\t\t\t<\/div>\r\n\t\t<\/div>\r\n\t\t\t\t\t\t\t<\/div>\r\n\t\t<\/section>\r\n\t\t<div class=\"elementor-element elementor-element-9512124 e-flex e-con-boxed e-con e-parent\" data-id=\"9512124\" data-element_type=\"container\" data-settings=\"{&quot;content_width&quot;:&quot;boxed&quot;}\" data-core-v316-plus=\"true\">\r\n\t\t\t\t\t<div class=\"e-con-inner\">\r\n\t\t<div class=\"elementor-element elementor-element-84d3435 e-flex e-con-boxed e-con e-child\" data-id=\"84d3435\" data-element_type=\"container\" data-settings=\"{&quot;content_width&quot;:&quot;boxed&quot;}\">\r\n\t\t\t\t\t<div class=\"e-con-inner\">\r\n\t\t\t\t<div class=\"elementor-element elementor-element-3f4fe9f elementor-widget elementor-widget-text-editor\" data-id=\"3f4fe9f\" data-element_type=\"widget\" data-widget_type=\"text-editor.default\">\r\n\t\t\t\t<div class=\"elementor-widget-container\">\r\n\t\t\t<style>\/*! elementor - v3.16.0 - 09-10-2023 *\/\r\n.elementor-widget-text-editor.elementor-drop-cap-view-stacked .elementor-drop-cap{background-color:#69727d;color:#fff}.elementor-widget-text-editor.elementor-drop-cap-view-framed .elementor-drop-cap{color:#69727d;border:3px solid;background-color:transparent}.elementor-widget-text-editor:not(.elementor-drop-cap-view-default) .elementor-drop-cap{margin-top:8px}.elementor-widget-text-editor:not(.elementor-drop-cap-view-default) .elementor-drop-cap-letter{width:1em;height:1em}.elementor-widget-text-editor .elementor-drop-cap{float:left;text-align:center;line-height:1;font-size:50px}.elementor-widget-text-editor .elementor-drop-cap-letter{display:inline-block}<\/style>\t\t\t\t<p>\u00c9 com grande honra que apresentamos \u00e0 sociedade paraense o Projeto Perfis Econ\u00f4micos Vocacionais dos Munic\u00edpios Paraenses (PEV), uma iniciativa pioneira da Funda\u00e7\u00e3o Amaz\u00f4nia de Amparo a Estudos e Pesquisas (FAPESPA). Este projeto busca identificar as voca\u00e7\u00f5es econ\u00f4micas de cada um dos 144 munic\u00edpios do estado, oferecendo um mapeamento detalhado e preciso das atividades produtivas que possuem maior potencial de especializa\u00e7\u00e3o em cada regi\u00e3o. O PEV \u00e9 mais do que um estudo; \u00e9 uma ferramenta estrat\u00e9gica para orientar pol\u00edticas p\u00fablicas e investimentos privados.<\/p><p>A metodologia empregada no PEV \u00e9 baseada em crit\u00e9rios t\u00e9cnicos rigorosos, que incluem o uso de indicadores consagrados na literatura econ\u00f4mica, como o \u00cdndice de Herfindahl-Hirschman ajustado (IHHa). Esse indicador permite identificar as atividades econ\u00f4micas mais representativas de cada munic\u00edpio, considerando aspectos como concentra\u00e7\u00e3o produtiva e ocupa\u00e7\u00f5es formais, inclusive microempreendedores individuais (MEIs). Dessa forma, os resultados captam a din\u00e2mica econ\u00f4mica real de cada localidade, promovendo an\u00e1lises qualificadas e embasadas.<\/p><p>Al\u00e9m disso, o PEV adota como refer\u00eancia bases de dados confi\u00e1veis, como o Relat\u00f3rio Anual de Informa\u00e7\u00f5es Sociais (RAIS) e registros da Receita Federal. Esses dados possibilitam uma leitura abrangente das caracter\u00edsticas produtivas locais, eliminando distor\u00e7\u00f5es ao excluir atividades n\u00e3o produtivas, como a administra\u00e7\u00e3o p\u00fablica. A metodologia garante que os resultados reflitam com precis\u00e3o o panorama econ\u00f4mico do Par\u00e1, auxiliando na identifica\u00e7\u00e3o de oportunidades e desafios espec\u00edficos.<\/p><p>A finalidade do PEV \u00e9 clara: subsidiar a formula\u00e7\u00e3o de pol\u00edticas p\u00fablicas mais eficazes e estimular decis\u00f5es de investimento bem fundamentadas no setor privado. Ao identificar as voca\u00e7\u00f5es econ\u00f4micas locais, o projeto ajuda a promover o desenvolvimento sustent\u00e1vel, reduzindo desigualdades regionais e fortalecendo as cadeias produtivas existentes. Al\u00e9m disso, o estudo \u00e9 essencial para orientar gestores p\u00fablicos e empreendedores em um planejamento estrat\u00e9gico de longo prazo.<\/p><p>Outro ponto de destaque \u00e9 a contribui\u00e7\u00e3o do PEV para o fortalecimento do empreendedorismo e da inova\u00e7\u00e3o no estado. Ao apontar os setores econ\u00f4micos com maior potencial de crescimento, o projeto incentiva iniciativas empreendedoras e atrai investimentos externos, gerando emprego e renda. Dessa forma, o PEV se consolida como um instrumento indispens\u00e1vel para o desenvolvimento socioecon\u00f4mico do Par\u00e1.<\/p><p>A FAPESPA reafirma seu compromisso com a ci\u00eancia, a inova\u00e7\u00e3o e o progresso do estado do Par\u00e1. Convidamos a sociedade paraense a conhecer e utilizar os resultados do PEV como um guia estrat\u00e9gico para o crescimento econ\u00f4mico sustent\u00e1vel. Juntos, podemos construir um futuro de mais oportunidades, inclus\u00e3o e prosperidade para todos os paraenses.<\/p>\t\t\t\t\t\t<\/div>\r\n\t\t\t\t<\/div>\r\n\t\t<div class=\"elementor-element elementor-element-10fc9c3 e-flex e-con-boxed e-con e-child\" data-id=\"10fc9c3\" data-element_type=\"container\" data-settings=\"{&quot;content_width&quot;:&quot;boxed&quot;}\">\r\n\t\t\t\t\t<div class=\"e-con-inner\">\r\n\t\t\t\t<div class=\"elementor-element elementor-element-14d9265 elementor-widget elementor-widget-text-editor\" data-id=\"14d9265\" data-element_type=\"widget\" data-widget_type=\"text-editor.default\">\r\n\t\t\t\t<div class=\"elementor-widget-container\">\r\n\t\t\t\t\t\t\t<p style=\"text-align: center;\"><strong>M\u00e1rcio Ivan Lopes Ponte de Souza<br \/><\/strong>Diretor de Estudos e Pesquisas Socioecon\u00f4micas e An\u00e1lise Conjuntural<\/p>\t\t\t\t\t\t<\/div>\r\n\t\t\t\t<\/div>\r\n\t\t\t\t\t<\/div>\r\n\t\t\t\t<\/div>\r\n\t\t\t\t\t<\/div>\r\n\t\t\t\t<\/div>\r\n\t\t\t\t\t<\/div>\r\n\t\t\t\t<\/div>\r\n\t\t\t\t\t\t\t<\/div>\r\n\t\t","protected":false},"excerpt":{"rendered":"<p>Perfis Econ\u00f4micos Vocacionais dos Munic\u00edpios Paraenses \u00c9 com grande honra que apresentamos \u00e0 sociedade paraense o Projeto Perfis Econ\u00f4micos Vocacionais dos Munic\u00edpios Paraenses (PEV), uma iniciativa pioneira da Funda\u00e7\u00e3o Amaz\u00f4nia de Amparo a Estudos e Pesquisas (FAPESPA). Este projeto busca identificar as voca\u00e7\u00f5es econ\u00f4micas de cada um dos 144 munic\u00edpios do estado, oferecendo um mapeamento detalhado e preciso das atividades &hellip;<\/p>\n","protected":false},"author":1,"featured_media":0,"parent":0,"menu_order":0,"comment_status":"closed","ping_status":"closed","template":"","meta":{"footnotes":""},"class_list":["post-13570","page","type-page","status-publish","hentry"],"_links":{"self":[{"href":"https:\/\/pevpa.fapespa.pa.gov.br\/legado\/wp-json\/wp\/v2\/pages\/13570","targetHints":{"allow":["GET"]}}],"collection":[{"href":"https:\/\/pevpa.fapespa.pa.gov.br\/legado\/wp-json\/wp\/v2\/pages"}],"about":[{"href":"https:\/\/pevpa.fapespa.pa.gov.br\/legado\/wp-json\/wp\/v2\/types\/page"}],"author":[{"embeddable":true,"href":"https:\/\/pevpa.fapespa.pa.gov.br\/legado\/wp-json\/wp\/v2\/users\/1"}],"replies":[{"embeddable":true,"href":"https:\/\/pevpa.fapespa.pa.gov.br\/legado\/wp-json\/wp\/v2\/comments?post=13570"}],"version-history":[{"count":10,"href":"https:\/\/pevpa.fapespa.pa.gov.br\/legado\/wp-json\/wp\/v2\/pages\/13570\/revisions"}],"predecessor-version":[{"id":13582,"href":"https:\/\/pevpa.fapespa.pa.gov.br\/legado\/wp-json\/wp\/v2\/pages\/13570\/revisions\/13582"}],"wp:attachment":[{"href":"https:\/\/pevpa.fapespa.pa.gov.br\/legado\/wp-json\/wp\/v2\/media?parent=13570"}],"curies":[{"name":"wp","href":"https:\/\/api.w.org\/{rel}","templated":true}]}}