
{"id":13597,"date":"2025-01-17T20:32:54","date_gmt":"2025-01-17T20:32:54","guid":{"rendered":"https:\/\/pevpa.fapespa.pa.gov.br\/?page_id=13597"},"modified":"2025-01-17T20:35:37","modified_gmt":"2025-01-17T20:35:37","slug":"sobre-a-metodologia-2024","status":"publish","type":"page","link":"https:\/\/pevpa.fapespa.pa.gov.br\/legado\/sobre-a-metodologia-2024\/","title":{"rendered":"Sobre a Metodologia 2024"},"content":{"rendered":"\t\t<div data-elementor-type=\"wp-page\" data-elementor-id=\"13597\" class=\"elementor elementor-13597\">\r\n\t\t\t\t\t\t\t\t\t<section class=\"elementor-section elementor-top-section elementor-element elementor-element-71ea255 elementor-section-full_width elementor-section-height-default elementor-section-height-default\" data-id=\"71ea255\" data-element_type=\"section\">\r\n\t\t\t\t\t\t<div class=\"elementor-container elementor-column-gap-no\">\r\n\t\t\t\t\t<div class=\"elementor-column elementor-col-100 elementor-top-column elementor-element elementor-element-2da1654\" data-id=\"2da1654\" data-element_type=\"column\">\r\n\t\t\t<div class=\"elementor-widget-wrap elementor-element-populated\">\r\n\t\t\t\t\t\t\t\t<section class=\"elementor-section elementor-inner-section elementor-element elementor-element-59a7780 elementor-section-full_width elementor-section-height-default elementor-section-height-default\" data-id=\"59a7780\" data-element_type=\"section\">\r\n\t\t\t\t\t\t<div class=\"elementor-container elementor-column-gap-no\">\r\n\t\t\t\t\t<div class=\"elementor-column elementor-col-100 elementor-inner-column elementor-element elementor-element-a14a7ba\" data-id=\"a14a7ba\" data-element_type=\"column\">\r\n\t\t\t<div class=\"elementor-widget-wrap elementor-element-populated\">\r\n\t\t\t\t\t\t\t\t<div class=\"elementor-element elementor-element-2b1b45a elementor-widget__width-auto elementor-widget elementor-widget-iteck-heading\" data-id=\"2b1b45a\" data-element_type=\"widget\" data-widget_type=\"iteck-heading.default\">\r\n\t\t\t\t<div class=\"elementor-widget-container\">\r\n\t\t\t<h2 class=\"iteck-heading\">Perfis Econ\u00f4micos Vocacionais dos Munic\u00edpios Paraenses<\/h2>\t\t<\/div>\r\n\t\t\t\t<\/div>\r\n\t\t\t\t<div class=\"elementor-element elementor-element-f4ae3ef elementor-widget elementor-widget-iteck-heading\" data-id=\"f4ae3ef\" data-element_type=\"widget\" data-widget_type=\"iteck-heading.default\">\r\n\t\t\t\t<div class=\"elementor-widget-container\">\r\n\t\t\t<h2 class=\"iteck-heading iteck-additional-color\">SOBRE A <span> METODOLOGIA<\/span><\/h2>\t\t<\/div>\r\n\t\t\t\t<\/div>\r\n\t\t<div class=\"elementor-element elementor-element-68b653a e-flex e-con-boxed e-con e-parent\" data-id=\"68b653a\" data-element_type=\"container\" data-settings=\"{&quot;content_width&quot;:&quot;boxed&quot;}\" data-core-v316-plus=\"true\">\r\n\t\t\t\t\t<div class=\"e-con-inner\">\r\n\t\t\t\t<div class=\"elementor-element elementor-element-f5710ea elementor-widget elementor-widget-text-editor\" data-id=\"f5710ea\" data-element_type=\"widget\" data-widget_type=\"text-editor.default\">\r\n\t\t\t\t<div class=\"elementor-widget-container\">\r\n\t\t\t<style>\/*! elementor - v3.16.0 - 09-10-2023 *\/\r\n.elementor-widget-text-editor.elementor-drop-cap-view-stacked .elementor-drop-cap{background-color:#69727d;color:#fff}.elementor-widget-text-editor.elementor-drop-cap-view-framed .elementor-drop-cap{color:#69727d;border:3px solid;background-color:transparent}.elementor-widget-text-editor:not(.elementor-drop-cap-view-default) .elementor-drop-cap{margin-top:8px}.elementor-widget-text-editor:not(.elementor-drop-cap-view-default) .elementor-drop-cap-letter{width:1em;height:1em}.elementor-widget-text-editor .elementor-drop-cap{float:left;text-align:center;line-height:1;font-size:50px}.elementor-widget-text-editor .elementor-drop-cap-letter{display:inline-block}<\/style>\t\t\t\t<p>A metodologia do Projeto Perfis Econ\u00f4micos Vocacionais dos Munic\u00edpios Paraenses (PEV) foi desenvolvida com o objetivo de identificar as voca\u00e7\u00f5es econ\u00f4micas predominantes em cada um dos 144 munic\u00edpios do estado do Par\u00e1. Este estudo adota uma abordagem anal\u00edtica que combina indicadores econ\u00f4micos amplamente reconhecidos com uma adapta\u00e7\u00e3o metodol\u00f3gica espec\u00edfica para a realidade socioecon\u00f4mica do estado, garantindo resultados precisos e aplic\u00e1veis.<\/p><p>O n\u00facleo da metodologia do PEV \u00e9 o uso do \u00cdndice de Herfindahl-Hirschman ajustado (IHHa), que permite avaliar a concentra\u00e7\u00e3o e especializa\u00e7\u00e3o de atividades produtivas nos munic\u00edpios. O IHHa incorpora, al\u00e9m das ocupa\u00e7\u00f5es formais tradicionais, dados sobre microempreendedores individuais (MEIs), garantindo uma an\u00e1lise mais abrangente e alinhada \u00e0 din\u00e2mica atual da economia local. Este ajuste possibilita mensurar com maior precis\u00e3o o peso relativo das atividades econ\u00f4micas em cada munic\u00edpio.<\/p><p>Para a aplica\u00e7\u00e3o do IHHa, utilizam-se bases de dados confi\u00e1veis, como o Relat\u00f3rio Anual de Informa\u00e7\u00f5es Sociais (RAIS) e registros da Receita Federal do Brasil (RFB). Esses dados fornecem informa\u00e7\u00f5es detalhadas sobre v\u00ednculos empregat\u00edcios formais e atividades econ\u00f4micas ativas, excluindo o setor da administra\u00e7\u00e3o p\u00fablica, que n\u00e3o \u00e9 considerado produtivo para os fins do estudo. A metodologia tamb\u00e9m descarta atividades com baixo volume de v\u00ednculos formais, evitando distor\u00e7\u00f5es nos resultados.<\/p><p>Outro diferencial do PEV \u00e9 a adapta\u00e7\u00e3o da metodologia para refletir as particularidades regionais, evitando compara\u00e7\u00f5es que desconsiderem as especificidades econ\u00f4micas locais. Assim, as an\u00e1lises se concentram no contexto estadual, permitindo uma avalia\u00e7\u00e3o mais precisa das atividades produtivas que apresentam potencial de especializa\u00e7\u00e3o e desenvolvimento em cada munic\u00edpio do Par\u00e1.<\/p><p>Com essa abordagem, a metodologia do PEV n\u00e3o apenas identifica as voca\u00e7\u00f5es econ\u00f4micas locais, mas tamb\u00e9m fornece uma base s\u00f3lida para orientar decis\u00f5es estrat\u00e9gicas no setor p\u00fablico e privado. Os resultados do estudo servem para embasar a formula\u00e7\u00e3o de pol\u00edticas p\u00fablicas mais eficazes e estimular investimentos em setores com maior potencial de crescimento, promovendo o desenvolvimento sustent\u00e1vel e a redu\u00e7\u00e3o das desigualdades regionais.<\/p><p>Em s\u00edntese, a metodologia do PEV alia rigor cient\u00edfico a uma vis\u00e3o pr\u00e1tica e aplicada, tornando-se uma ferramenta indispens\u00e1vel para o planejamento estrat\u00e9gico do desenvolvimento socioecon\u00f4mico do estado do Par\u00e1. Por meio dessa metodologia, o PEV cumpre sua miss\u00e3o de transformar conhecimento em a\u00e7\u00e3o em benef\u00edcio de toda a sociedade paraense.<\/p><p>Link para acesso a Nota T\u00e9cnica que trata da metodologia:<\/p><p>\u00a0<\/p><p>\u00a0<\/p>\t\t\t\t\t\t<\/div>\r\n\t\t\t\t<\/div>\r\n\t\t\t\t\t<\/div>\r\n\t\t\t\t<\/div>\r\n\t\t\t\t\t<\/div>\r\n\t\t<\/div>\r\n\t\t\t\t\t\t\t<\/div>\r\n\t\t<\/section>\r\n\t\t\t\t<div class=\"elementor-element elementor-element-dd66148 elementor-absolute iteck-image-animation-none elementor-widget elementor-widget-iteck-image\" data-id=\"dd66148\" data-element_type=\"widget\" data-settings=\"{&quot;_position&quot;:&quot;absolute&quot;}\" data-widget_type=\"iteck-image.default\">\r\n\t\t\t\t<div class=\"elementor-widget-container\">\r\n\t\t\t\r\n\r\r\n\t\t<div class=\"iteck-image\">\r\r\n\r\r\n\t\t\r\n\t\t\t\r\n\t\t\t\t\r\n\t\t\t\t\r\n\t\t\t\t\t<img loading=\"lazy\" decoding=\"async\" width=\"1478\" height=\"275\" src=\"https:\/\/pevpa.fapespa.pa.gov.br\/legado\/wp-content\/uploads\/2022\/04\/intg_back.png\" class=\"attachment-full size-full wp-image-468\" alt=\"\" \/>\r\n\t\t\t\t\r\n\t\t\t\t\r\n\t\t\t\t\r\n\t\t\t\r\n\r\r\n\t\t<\/div>\r\r\n\r\r\n\t\t\t\t<\/div>\r\n\t\t\t\t<\/div>\r\n\t\t\t\t\t<\/div>\r\n\t\t<\/div>\r\n\t\t\t\t\t\t\t<\/div>\r\n\t\t<\/section>\r\n\t\t\t\t\t\t\t<\/div>\r\n\t\t","protected":false},"excerpt":{"rendered":"<p>Perfis Econ\u00f4micos Vocacionais dos Munic\u00edpios Paraenses SOBRE A METODOLOGIA A metodologia do Projeto Perfis Econ\u00f4micos Vocacionais dos Munic\u00edpios Paraenses (PEV) foi desenvolvida com o objetivo de identificar as voca\u00e7\u00f5es econ\u00f4micas predominantes em cada um dos 144 munic\u00edpios do estado do Par\u00e1. Este estudo adota uma abordagem anal\u00edtica que combina indicadores econ\u00f4micos amplamente reconhecidos com uma adapta\u00e7\u00e3o metodol\u00f3gica espec\u00edfica para a &hellip;<\/p>\n","protected":false},"author":1,"featured_media":0,"parent":0,"menu_order":0,"comment_status":"closed","ping_status":"closed","template":"blank-builder.php","meta":{"footnotes":""},"class_list":["post-13597","page","type-page","status-publish","hentry"],"_links":{"self":[{"href":"https:\/\/pevpa.fapespa.pa.gov.br\/legado\/wp-json\/wp\/v2\/pages\/13597","targetHints":{"allow":["GET"]}}],"collection":[{"href":"https:\/\/pevpa.fapespa.pa.gov.br\/legado\/wp-json\/wp\/v2\/pages"}],"about":[{"href":"https:\/\/pevpa.fapespa.pa.gov.br\/legado\/wp-json\/wp\/v2\/types\/page"}],"author":[{"embeddable":true,"href":"https:\/\/pevpa.fapespa.pa.gov.br\/legado\/wp-json\/wp\/v2\/users\/1"}],"replies":[{"embeddable":true,"href":"https:\/\/pevpa.fapespa.pa.gov.br\/legado\/wp-json\/wp\/v2\/comments?post=13597"}],"version-history":[{"count":7,"href":"https:\/\/pevpa.fapespa.pa.gov.br\/legado\/wp-json\/wp\/v2\/pages\/13597\/revisions"}],"predecessor-version":[{"id":13604,"href":"https:\/\/pevpa.fapespa.pa.gov.br\/legado\/wp-json\/wp\/v2\/pages\/13597\/revisions\/13604"}],"wp:attachment":[{"href":"https:\/\/pevpa.fapespa.pa.gov.br\/legado\/wp-json\/wp\/v2\/media?parent=13597"}],"curies":[{"name":"wp","href":"https:\/\/api.w.org\/{rel}","templated":true}]}}